{"id":714,"date":"2026-03-11T08:42:19","date_gmt":"2026-03-11T08:42:19","guid":{"rendered":"https:\/\/eloquent-napier.31-3-134-213.plesk.page\/?post_type=product&#038;p=714"},"modified":"2026-03-11T09:42:10","modified_gmt":"2026-03-11T09:42:10","slug":"detox-foot-essence","status":"publish","type":"product","link":"https:\/\/eloquent-napier.31-3-134-213.plesk.page\/?product=detox-foot-essence","title":{"rendered":"DETOX FOOT ESSENCE"},"content":{"rendered":"<p data-start=\"58\" data-end=\"311\">Asila Detox Foot Essence \u00e8 un trattamento d\u2019eccellenza dedicato alla salute e alla bellezza estetica dei piedi, sviluppato secondo rigorosi standard dermocosmetici svizzeri. Una formula esclusiva che unisce scienza e natura per offrire un risultato visibile, immediato e duraturo.<\/p>\n<p data-start=\"313\" data-end=\"522\">Pensata per chi ricerca performance elevate e un\u2019esperienza sensoriale raffinata, questa crema agisce in profondit\u00e0 per ripristinare morbidezza, elasticit\u00e0 e luminosit\u00e0 anche nelle zone pi\u00f9 secche e ispessite.<\/p>\n","protected":false},"excerpt":{"rendered":"<p data-start=\"58\" data-end=\"311\">Asila Detox Foot Essence \u00e8 un trattamento d\u2019eccellenza dedicato alla salute e alla bellezza estetica dei piedi, sviluppato secondo rigorosi standard dermocosmetici svizzeri. Una formula esclusiva che unisce scienza e natura per offrire un risultato visibile, immediato e duraturo.<\/p>\n<p data-start=\"313\" data-end=\"522\">Pensata per chi ricerca performance elevate e un\u2019esperienza sensoriale raffinata, questa crema agisce in profondit\u00e0 per ripristinare morbidezza, elasticit\u00e0 e luminosit\u00e0 anche nelle zone pi\u00f9 secche e ispessite.<\/p>\n","protected":false},"featured_media":715,"comment_status":"open","ping_status":"closed","template":"","meta":{"site-sidebar-layout":"default","site-content-layout":"","ast-site-content-layout":"default","site-content-style":"default","site-sidebar-style":"default","ast-global-header-display":"","ast-banner-title-visibility":"","ast-main-header-display":"","ast-hfb-above-header-display":"","ast-hfb-below-header-display":"","ast-hfb-mobile-header-display":"","site-post-title":"","ast-breadcrumbs-content":"","ast-featured-img":"","footer-sml-layout":"","ast-disable-related-posts":"","theme-transparent-header-meta":"default","adv-header-id-meta":"","stick-header-meta":"","header-above-stick-meta":"","header-main-stick-meta":"","header-below-stick-meta":"","astra-migrate-meta-layouts":"set","ast-page-background-enabled":"default","ast-page-background-meta":{"desktop":{"background-color":"var(--ast-global-color-5)","background-image":"","background-repeat":"repeat","background-position":"center center","background-size":"auto","background-attachment":"scroll","background-type":"","background-media":"","overlay-type":"","overlay-color":"","overlay-opacity":"","overlay-gradient":""},"tablet":{"background-color":"","background-image":"","background-repeat":"repeat","background-position":"center center","background-size":"auto","background-attachment":"scroll","background-type":"","background-media":"","overlay-type":"","overlay-color":"","overlay-opacity":"","overlay-gradient":""},"mobile":{"background-color":"","background-image":"","background-repeat":"repeat","background-position":"center center","background-size":"auto","background-attachment":"scroll","background-type":"","background-media":"","overlay-type":"","overlay-color":"","overlay-opacity":"","overlay-gradient":""}},"ast-content-background-meta":{"desktop":{"background-color":"var(--ast-global-color-4)","background-image":"","background-repeat":"repeat","background-position":"center center","background-size":"auto","background-attachment":"scroll","background-type":"","background-media":"","overlay-type":"","overlay-color":"","overlay-opacity":"","overlay-gradient":""},"tablet":{"background-color":"var(--ast-global-color-4)","background-image":"","background-repeat":"repeat","background-position":"center center","background-size":"auto","background-attachment":"scroll","background-type":"","background-media":"","overlay-type":"","overlay-color":"","overlay-opacity":"","overlay-gradient":""},"mobile":{"background-color":"var(--ast-global-color-4)","background-image":"","background-repeat":"repeat","background-position":"center center","background-size":"auto","background-attachment":"scroll","background-type":"","background-media":"","overlay-type":"","overlay-color":"","overlay-opacity":"","overlay-gradient":""}}},"product_brand":[],"product_cat":[15],"product_tag":[],"class_list":{"0":"post-714","1":"product","2":"type-product","3":"status-publish","4":"has-post-thumbnail","6":"product_cat-selfcare","7":"desktop-align-center","8":"tablet-align-left","9":"mobile-align-left","11":"first","12":"instock","13":"shipping-taxable","14":"purchasable","15":"product-type-simple"},"_links":{"self":[{"href":"https:\/\/eloquent-napier.31-3-134-213.plesk.page\/index.php?rest_route=\/wp\/v2\/product\/714","targetHints":{"allow":["GET"]}}],"collection":[{"href":"https:\/\/eloquent-napier.31-3-134-213.plesk.page\/index.php?rest_route=\/wp\/v2\/product"}],"about":[{"href":"https:\/\/eloquent-napier.31-3-134-213.plesk.page\/index.php?rest_route=\/wp\/v2\/types\/product"}],"replies":[{"embeddable":true,"href":"https:\/\/eloquent-napier.31-3-134-213.plesk.page\/index.php?rest_route=%2Fwp%2Fv2%2Fcomments&post=714"}],"wp:featuredmedia":[{"embeddable":true,"href":"https:\/\/eloquent-napier.31-3-134-213.plesk.page\/index.php?rest_route=\/wp\/v2\/media\/715"}],"wp:attachment":[{"href":"https:\/\/eloquent-napier.31-3-134-213.plesk.page\/index.php?rest_route=%2Fwp%2Fv2%2Fmedia&parent=714"}],"wp:term":[{"taxonomy":"product_brand","embeddable":true,"href":"https:\/\/eloquent-napier.31-3-134-213.plesk.page\/index.php?rest_route=%2Fwp%2Fv2%2Fproduct_brand&post=714"},{"taxonomy":"product_cat","embeddable":true,"href":"https:\/\/eloquent-napier.31-3-134-213.plesk.page\/index.php?rest_route=%2Fwp%2Fv2%2Fproduct_cat&post=714"},{"taxonomy":"product_tag","embeddable":true,"href":"https:\/\/eloquent-napier.31-3-134-213.plesk.page\/index.php?rest_route=%2Fwp%2Fv2%2Fproduct_tag&post=714"}],"curies":[{"name":"wp","href":"https:\/\/api.w.org\/{rel}","templated":true}]}}